{"id":2844,"date":"2023-05-08T16:49:49","date_gmt":"2023-05-08T15:49:49","guid":{"rendered":"https:\/\/www.magdajakab.com\/?page_id=2844"},"modified":"2023-05-08T17:00:45","modified_gmt":"2023-05-08T16:00:45","slug":"csoport-aloldal","status":"publish","type":"page","link":"https:\/\/www.magdajakab.com\/en\/csoport-aloldal\/","title":{"rendered":"Csoport aloldal"},"content":{"rendered":"<div data-elementor-type=\"wp-page\" data-elementor-id=\"2844\" class=\"elementor elementor-2844\" data-elementor-post-type=\"page\">\n\t\t\t\t\t\t<section class=\"elementor-section elementor-top-section elementor-element elementor-element-da34979 elementor-section-boxed elementor-section-height-default elementor-section-height-default\" data-id=\"da34979\" data-element_type=\"section\" data-e-type=\"section\" data-settings=\"{&quot;background_background&quot;:&quot;classic&quot;}\">\n\t\t\t\t\t\t<div class=\"elementor-container elementor-column-gap-default\">\n\t\t\t\t\t<div class=\"elementor-column elementor-col-100 elementor-top-column elementor-element elementor-element-8e7e3eb\" data-id=\"8e7e3eb\" data-element_type=\"column\" data-e-type=\"column\">\n\t\t\t<div class=\"elementor-widget-wrap elementor-element-populated\">\n\t\t\t\t\t\t<div class=\"elementor-element elementor-element-99bfc59 elementor-widget elementor-widget-heading\" data-id=\"99bfc59\" data-element_type=\"widget\" data-e-type=\"widget\" data-widget_type=\"heading.default\">\n\t\t\t\t<div class=\"elementor-widget-container\">\n\t\t\t\t\t<h2 class=\"elementor-heading-title elementor-size-default\">\u00daJRATEREMTETT IDENTIT\u00c1SOK\nM\u0170V\u00c9SZETTER\u00c1PI\u00c1S FOGLALKOZ\u00c1S ANY\u00c1KNAK\n<\/h2>\t\t\t\t<\/div>\n\t\t\t\t<\/div>\n\t\t\t\t\t<\/div>\n\t\t<\/div>\n\t\t\t\t\t<\/div>\n\t\t<\/section>\n\t\t\t\t<section class=\"elementor-section elementor-top-section elementor-element elementor-element-88a0777 elementor-section-boxed elementor-section-height-default elementor-section-height-default\" data-id=\"88a0777\" data-element_type=\"section\" data-e-type=\"section\" data-settings=\"{&quot;background_background&quot;:&quot;classic&quot;}\">\n\t\t\t\t\t\t<div class=\"elementor-container elementor-column-gap-default\">\n\t\t\t\t\t<div class=\"elementor-column elementor-col-100 elementor-top-column elementor-element elementor-element-84729d4\" data-id=\"84729d4\" data-element_type=\"column\" data-e-type=\"column\">\n\t\t\t<div class=\"elementor-widget-wrap elementor-element-populated\">\n\t\t\t\t\t\t<div class=\"elementor-element elementor-element-b1cc337 elementor-invisible elementor-widget elementor-widget-heading\" data-id=\"b1cc337\" data-element_type=\"widget\" data-e-type=\"widget\" data-settings=\"{&quot;_animation&quot;:&quot;pulse&quot;}\" data-widget_type=\"heading.default\">\n\t\t\t\t<div class=\"elementor-widget-container\">\n\t\t\t\t\t<h2 class=\"elementor-heading-title elementor-size-default\">3 ALKALMAS ONLINE M\u0170V\u00c9SZETTER\u00c1PI\u00c1S CSOPORT<\/h2>\t\t\t\t<\/div>\n\t\t\t\t<\/div>\n\t\t\t\t\t<\/div>\n\t\t<\/div>\n\t\t\t\t\t<\/div>\n\t\t<\/section>\n\t\t\t\t<section class=\"elementor-section elementor-top-section elementor-element elementor-element-1c4db1d elementor-section-boxed elementor-section-height-default elementor-section-height-default\" data-id=\"1c4db1d\" data-element_type=\"section\" data-e-type=\"section\" data-settings=\"{&quot;background_background&quot;:&quot;classic&quot;}\">\n\t\t\t\t\t\t<div class=\"elementor-container elementor-column-gap-default\">\n\t\t\t\t\t<div class=\"elementor-column elementor-col-100 elementor-top-column elementor-element elementor-element-6db6158\" data-id=\"6db6158\" data-element_type=\"column\" data-e-type=\"column\">\n\t\t\t<div class=\"elementor-widget-wrap elementor-element-populated\">\n\t\t\t\t\t\t<div class=\"elementor-element elementor-element-670a062 elementor-widget elementor-widget-text-editor\" data-id=\"670a062\" data-element_type=\"widget\" data-e-type=\"widget\" data-widget_type=\"text-editor.default\">\n\t\t\t\t<div class=\"elementor-widget-container\">\n\t\t\t\t\t\t\t\t\t<p>M\u0171v\u00e9szeti konzulens: JAKAB K. MAGDA<br \/>Helysz\u00edn: online, Zoomon kereszt\u00fcl.<br \/>ID\u0150PONT: 2023. J\u00fanius 10, 17, 24., szombatonk\u00e9nt 9.30-13.00<br \/>Els\u0151 megbesz\u00e9l\u00e9s: j\u00fanius 3 , szombat 9.30- (ingyenes)<br \/>El\u0151zetes jelentkez\u00e9s sz\u00fcks\u00e9ges!<br \/>Kapcsolat: hello@magdajakab.com<br \/>https:\/\/www.facebook.com\/ARTfoStudio<br \/>Tel. +39\/3519753406<br \/>K\u00d6LTS\u00c9G: 3 alkalom 37.000 Ft<\/p><p>In my work, I use the term \"therapy\" in its ancient Greek sense -meaning care or tending- rather than the modern concept of treatment or medical intervention. Therefore, my services are not classified as psychotherapy.<\/p>\t\t\t\t\t\t\t\t<\/div>\n\t\t\t\t<\/div>\n\t\t\t\t\t<\/div>\n\t\t<\/div>\n\t\t\t\t\t<\/div>\n\t\t<\/section>\n\t\t\t\t<\/div>","protected":false},"excerpt":{"rendered":"<p>\u00daJRATEREMTETT IDENTIT\u00c1SOK M\u0170V\u00c9SZETTER\u00c1PI\u00c1S FOGLALKOZ\u00c1S ANY\u00c1KNAK 3 ALKALMAS ONLINE M\u0170V\u00c9SZETTER\u00c1PI\u00c1S CSOPORT M\u0171v\u00e9szeti konzulens: JAKAB K. MAGDAHelysz\u00edn: online, Zoomon kereszt\u00fcl.ID\u0150PONT: 2023. J\u00fanius 10, 17, 24., szombatonk\u00e9nt 9.30-13.00Els\u0151 megbesz\u00e9l\u00e9s: j\u00fanius 3 , szombat 9.30- (ingyenes)El\u0151zetes jelentkez\u00e9s sz\u00fcks\u00e9ges!Kapcsolat: hello@magdajakab.comhttps:\/\/www.facebook.com\/ARTfoStudioTel. +39\/3519753406K\u00d6LTS\u00c9G: 3 alkalom 37.000 Ft Munk\u00e1m sor\u00e1n a tera\u0301pia szo\u0301t a re\u0301gi o\u030bsi go\u0308ro\u0308g jelente\u0301se\u0301ben haszn\u00e1lom, amely: gondoza\u0301s, a\u0301pola\u0301s, nem [&hellip;]<\/p>\n","protected":false},"author":1,"featured_media":0,"parent":0,"menu_order":0,"comment_status":"closed","ping_status":"closed","template":"","meta":{"footnotes":""},"class_list":["post-2844","page","type-page","status-publish","hentry"],"yoast_head":"<!-- This site is optimized with the Yoast SEO plugin v27.4 - https:\/\/yoast.com\/product\/yoast-seo-wordpress\/ -->\n<title>Csoport aloldal - Magda Jakab photo therapist<\/title>\n<meta name=\"robots\" content=\"index, follow, max-snippet:-1, max-image-preview:large, max-video-preview:-1\" \/>\n<link rel=\"canonical\" href=\"https:\/\/www.magdajakab.com\/en\/csoport-aloldal\/\" \/>\n<meta property=\"og:locale\" content=\"en_GB\" \/>\n<meta property=\"og:type\" content=\"article\" \/>\n<meta property=\"og:title\" content=\"Csoport aloldal - Magda Jakab photo therapist\" \/>\n<meta property=\"og:description\" content=\"\u00daJRATEREMTETT IDENTIT\u00c1SOK M\u0170V\u00c9SZETTER\u00c1PI\u00c1S FOGLALKOZ\u00c1S ANY\u00c1KNAK 3 ALKALMAS ONLINE M\u0170V\u00c9SZETTER\u00c1PI\u00c1S CSOPORT M\u0171v\u00e9szeti konzulens: JAKAB K. MAGDAHelysz\u00edn: online, Zoomon kereszt\u00fcl.ID\u0150PONT: 2023. J\u00fanius 10, 17, 24., szombatonk\u00e9nt 9.30-13.00Els\u0151 megbesz\u00e9l\u00e9s: j\u00fanius 3 , szombat 9.30- (ingyenes)El\u0151zetes jelentkez\u00e9s sz\u00fcks\u00e9ges!Kapcsolat: hello@magdajakab.comhttps:\/\/www.facebook.com\/ARTfoStudioTel. +39\/3519753406K\u00d6LTS\u00c9G: 3 alkalom 37.000 Ft Munk\u00e1m sor\u00e1n a tera\u0301pia szo\u0301t a re\u0301gi o\u030bsi go\u0308ro\u0308g jelente\u0301se\u0301ben haszn\u00e1lom, amely: gondoza\u0301s, a\u0301pola\u0301s, nem [&hellip;]\" \/>\n<meta property=\"og:url\" content=\"https:\/\/www.magdajakab.com\/en\/csoport-aloldal\/\" \/>\n<meta property=\"og:site_name\" content=\"Magda Jakab photo therapist\" \/>\n<meta property=\"article:modified_time\" content=\"2023-05-08T16:00:45+00:00\" \/>\n<meta name=\"twitter:card\" content=\"summary_large_image\" \/>\n<meta name=\"twitter:label1\" content=\"Estimated reading time\" \/>\n\t<meta name=\"twitter:data1\" content=\"1 minute\" \/>\n<script type=\"application\/ld+json\" class=\"yoast-schema-graph\">{\"@context\":\"https:\\\/\\\/schema.org\",\"@graph\":[{\"@type\":\"WebPage\",\"@id\":\"https:\\\/\\\/www.magdajakab.com\\\/csoport-aloldal\\\/\",\"url\":\"https:\\\/\\\/www.magdajakab.com\\\/csoport-aloldal\\\/\",\"name\":\"Csoport aloldal - Magda Jakab photo therapist\",\"isPartOf\":{\"@id\":\"https:\\\/\\\/www.magdajakab.com\\\/#website\"},\"datePublished\":\"2023-05-08T15:49:49+00:00\",\"dateModified\":\"2023-05-08T16:00:45+00:00\",\"breadcrumb\":{\"@id\":\"https:\\\/\\\/www.magdajakab.com\\\/csoport-aloldal\\\/#breadcrumb\"},\"inLanguage\":\"en-GB\",\"potentialAction\":[{\"@type\":\"ReadAction\",\"target\":[\"https:\\\/\\\/www.magdajakab.com\\\/csoport-aloldal\\\/\"]}]},{\"@type\":\"BreadcrumbList\",\"@id\":\"https:\\\/\\\/www.magdajakab.com\\\/csoport-aloldal\\\/#breadcrumb\",\"itemListElement\":[{\"@type\":\"ListItem\",\"position\":1,\"name\":\"Home\",\"item\":\"https:\\\/\\\/www.magdajakab.com\\\/\"},{\"@type\":\"ListItem\",\"position\":2,\"name\":\"Csoport aloldal\"}]},{\"@type\":\"WebSite\",\"@id\":\"https:\\\/\\\/www.magdajakab.com\\\/#website\",\"url\":\"https:\\\/\\\/www.magdajakab.com\\\/\",\"name\":\"Magda Jakab photo therapist\",\"description\":\"\",\"publisher\":{\"@id\":\"https:\\\/\\\/www.magdajakab.com\\\/#organization\"},\"potentialAction\":[{\"@type\":\"SearchAction\",\"target\":{\"@type\":\"EntryPoint\",\"urlTemplate\":\"https:\\\/\\\/www.magdajakab.com\\\/?s={search_term_string}\"},\"query-input\":{\"@type\":\"PropertyValueSpecification\",\"valueRequired\":true,\"valueName\":\"search_term_string\"}}],\"inLanguage\":\"en-GB\"},{\"@type\":\"Organization\",\"@id\":\"https:\\\/\\\/www.magdajakab.com\\\/#organization\",\"name\":\"Magda Jakab photo therapist\",\"url\":\"https:\\\/\\\/www.magdajakab.com\\\/\",\"logo\":{\"@type\":\"ImageObject\",\"inLanguage\":\"en-GB\",\"@id\":\"https:\\\/\\\/www.magdajakab.com\\\/#\\\/schema\\\/logo\\\/image\\\/\",\"url\":\"https:\\\/\\\/www.magdajakab.com\\\/wp-content\\\/uploads\\\/2023\\\/04\\\/ArtFo-logo.png\",\"contentUrl\":\"https:\\\/\\\/www.magdajakab.com\\\/wp-content\\\/uploads\\\/2023\\\/04\\\/ArtFo-logo.png\",\"width\":471,\"height\":320,\"caption\":\"Magda Jakab photo therapist\"},\"image\":{\"@id\":\"https:\\\/\\\/www.magdajakab.com\\\/#\\\/schema\\\/logo\\\/image\\\/\"}}]}<\/script>\n<!-- \/ Yoast SEO plugin. -->","yoast_head_json":{"title":"Csoport aloldal - Magda Jakab photo therapist","robots":{"index":"index","follow":"follow","max-snippet":"max-snippet:-1","max-image-preview":"max-image-preview:large","max-video-preview":"max-video-preview:-1"},"canonical":"https:\/\/www.magdajakab.com\/en\/csoport-aloldal\/","og_locale":"en_GB","og_type":"article","og_title":"Csoport aloldal - Magda Jakab photo therapist","og_description":"\u00daJRATEREMTETT IDENTIT\u00c1SOK M\u0170V\u00c9SZETTER\u00c1PI\u00c1S FOGLALKOZ\u00c1S ANY\u00c1KNAK 3 ALKALMAS ONLINE M\u0170V\u00c9SZETTER\u00c1PI\u00c1S CSOPORT M\u0171v\u00e9szeti konzulens: JAKAB K. MAGDAHelysz\u00edn: online, Zoomon kereszt\u00fcl.ID\u0150PONT: 2023. J\u00fanius 10, 17, 24., szombatonk\u00e9nt 9.30-13.00Els\u0151 megbesz\u00e9l\u00e9s: j\u00fanius 3 , szombat 9.30- (ingyenes)El\u0151zetes jelentkez\u00e9s sz\u00fcks\u00e9ges!Kapcsolat: hello@magdajakab.comhttps:\/\/www.facebook.com\/ARTfoStudioTel. +39\/3519753406K\u00d6LTS\u00c9G: 3 alkalom 37.000 Ft Munk\u00e1m sor\u00e1n a tera\u0301pia szo\u0301t a re\u0301gi o\u030bsi go\u0308ro\u0308g jelente\u0301se\u0301ben haszn\u00e1lom, amely: gondoza\u0301s, a\u0301pola\u0301s, nem [&hellip;]","og_url":"https:\/\/www.magdajakab.com\/en\/csoport-aloldal\/","og_site_name":"Magda Jakab photo therapist","article_modified_time":"2023-05-08T16:00:45+00:00","twitter_card":"summary_large_image","twitter_misc":{"Estimated reading time":"1 minute"},"schema":{"@context":"https:\/\/schema.org","@graph":[{"@type":"WebPage","@id":"https:\/\/www.magdajakab.com\/csoport-aloldal\/","url":"https:\/\/www.magdajakab.com\/csoport-aloldal\/","name":"Csoport aloldal - Magda Jakab photo therapist","isPartOf":{"@id":"https:\/\/www.magdajakab.com\/#website"},"datePublished":"2023-05-08T15:49:49+00:00","dateModified":"2023-05-08T16:00:45+00:00","breadcrumb":{"@id":"https:\/\/www.magdajakab.com\/csoport-aloldal\/#breadcrumb"},"inLanguage":"en-GB","potentialAction":[{"@type":"ReadAction","target":["https:\/\/www.magdajakab.com\/csoport-aloldal\/"]}]},{"@type":"BreadcrumbList","@id":"https:\/\/www.magdajakab.com\/csoport-aloldal\/#breadcrumb","itemListElement":[{"@type":"ListItem","position":1,"name":"Home","item":"https:\/\/www.magdajakab.com\/"},{"@type":"ListItem","position":2,"name":"Csoport aloldal"}]},{"@type":"WebSite","@id":"https:\/\/www.magdajakab.com\/#website","url":"https:\/\/www.magdajakab.com\/","name":"Magda Jakab photo therapist","description":"","publisher":{"@id":"https:\/\/www.magdajakab.com\/#organization"},"potentialAction":[{"@type":"SearchAction","target":{"@type":"EntryPoint","urlTemplate":"https:\/\/www.magdajakab.com\/?s={search_term_string}"},"query-input":{"@type":"PropertyValueSpecification","valueRequired":true,"valueName":"search_term_string"}}],"inLanguage":"en-GB"},{"@type":"Organization","@id":"https:\/\/www.magdajakab.com\/#organization","name":"Magda Jakab photo therapist","url":"https:\/\/www.magdajakab.com\/","logo":{"@type":"ImageObject","inLanguage":"en-GB","@id":"https:\/\/www.magdajakab.com\/#\/schema\/logo\/image\/","url":"https:\/\/www.magdajakab.com\/wp-content\/uploads\/2023\/04\/ArtFo-logo.png","contentUrl":"https:\/\/www.magdajakab.com\/wp-content\/uploads\/2023\/04\/ArtFo-logo.png","width":471,"height":320,"caption":"Magda Jakab photo therapist"},"image":{"@id":"https:\/\/www.magdajakab.com\/#\/schema\/logo\/image\/"}}]}},"_links":{"self":[{"href":"https:\/\/www.magdajakab.com\/en\/wp-json\/wp\/v2\/pages\/2844","targetHints":{"allow":["GET"]}}],"collection":[{"href":"https:\/\/www.magdajakab.com\/en\/wp-json\/wp\/v2\/pages"}],"about":[{"href":"https:\/\/www.magdajakab.com\/en\/wp-json\/wp\/v2\/types\/page"}],"author":[{"embeddable":true,"href":"https:\/\/www.magdajakab.com\/en\/wp-json\/wp\/v2\/users\/1"}],"replies":[{"embeddable":true,"href":"https:\/\/www.magdajakab.com\/en\/wp-json\/wp\/v2\/comments?post=2844"}],"version-history":[{"count":10,"href":"https:\/\/www.magdajakab.com\/en\/wp-json\/wp\/v2\/pages\/2844\/revisions"}],"predecessor-version":[{"id":2858,"href":"https:\/\/www.magdajakab.com\/en\/wp-json\/wp\/v2\/pages\/2844\/revisions\/2858"}],"wp:attachment":[{"href":"https:\/\/www.magdajakab.com\/en\/wp-json\/wp\/v2\/media?parent=2844"}],"curies":[{"name":"wp","href":"https:\/\/api.w.org\/{rel}","templated":true}]}}