{"id":644,"date":"2023-02-21T22:24:28","date_gmt":"2023-02-21T21:24:28","guid":{"rendered":"https:\/\/www.magdajakab.com\/?page_id=644"},"modified":"2023-04-22T17:44:20","modified_gmt":"2023-04-22T16:44:20","slug":"wonders","status":"publish","type":"page","link":"https:\/\/www.magdajakab.com\/en\/wonders\/","title":{"rendered":"Wonders"},"content":{"rendered":"<div data-elementor-type=\"wp-page\" data-elementor-id=\"644\" class=\"elementor elementor-644\" data-elementor-post-type=\"page\">\n\t\t\t\t\t\t<section class=\"elementor-section elementor-top-section elementor-element elementor-element-dfde21e elementor-section-boxed elementor-section-height-default elementor-section-height-default\" data-id=\"dfde21e\" data-element_type=\"section\" data-e-type=\"section\" data-settings=\"{&quot;background_background&quot;:&quot;classic&quot;}\">\n\t\t\t\t\t\t<div class=\"elementor-container elementor-column-gap-default\">\n\t\t\t\t\t<div class=\"elementor-column elementor-col-100 elementor-top-column elementor-element elementor-element-05f1b57\" data-id=\"05f1b57\" data-element_type=\"column\" data-e-type=\"column\">\n\t\t\t<div class=\"elementor-widget-wrap elementor-element-populated\">\n\t\t\t\t\t\t<div class=\"elementor-element elementor-element-b05bfcd elementor-widget elementor-widget-heading\" data-id=\"b05bfcd\" data-element_type=\"widget\" data-e-type=\"widget\" data-widget_type=\"heading.default\">\n\t\t\t\t<div class=\"elementor-widget-container\">\n\t\t\t\t\t<h2 class=\"elementor-heading-title elementor-size-default\">Wonders<\/h2>\t\t\t\t<\/div>\n\t\t\t\t<\/div>\n\t\t\t\t\t<\/div>\n\t\t<\/div>\n\t\t\t\t\t<\/div>\n\t\t<\/section>\n\t\t\t\t<section class=\"elementor-section elementor-top-section elementor-element elementor-element-36e4b08 elementor-section-boxed elementor-section-height-default elementor-section-height-default\" data-id=\"36e4b08\" data-element_type=\"section\" data-e-type=\"section\" data-settings=\"{&quot;background_background&quot;:&quot;classic&quot;}\">\n\t\t\t\t\t\t<div class=\"elementor-container elementor-column-gap-default\">\n\t\t\t\t\t<div class=\"elementor-column elementor-col-100 elementor-top-column elementor-element elementor-element-465708d\" data-id=\"465708d\" data-element_type=\"column\" data-e-type=\"column\">\n\t\t\t<div class=\"elementor-widget-wrap elementor-element-populated\">\n\t\t\t\t\t\t<div class=\"elementor-element elementor-element-735b000 elementor-widget elementor-widget-gallery\" data-id=\"735b000\" data-element_type=\"widget\" data-e-type=\"widget\" data-settings=\"{&quot;gallery_layout&quot;:&quot;masonry&quot;,&quot;image_hover_animation&quot;:&quot;grow&quot;,&quot;lazyload&quot;:&quot;yes&quot;,&quot;columns&quot;:4,&quot;columns_tablet&quot;:2,&quot;columns_mobile&quot;:1,&quot;gap&quot;:{&quot;unit&quot;:&quot;px&quot;,&quot;size&quot;:10,&quot;sizes&quot;:[]},&quot;gap_tablet&quot;:{&quot;unit&quot;:&quot;px&quot;,&quot;size&quot;:10,&quot;sizes&quot;:[]},&quot;gap_mobile&quot;:{&quot;unit&quot;:&quot;px&quot;,&quot;size&quot;:10,&quot;sizes&quot;:[]},&quot;link_to&quot;:&quot;file&quot;,&quot;overlay_background&quot;:&quot;yes&quot;,&quot;content_hover_animation&quot;:&quot;fade-in&quot;}\" data-widget_type=\"gallery.default\">\n\t\t\t\t<div class=\"elementor-widget-container\">\n\t\t\t\t\t\t\t<div class=\"elementor-gallery__container\">\n\t\t\t\t\t\t\t<a class=\"e-gallery-item elementor-gallery-item elementor-animated-content\" href=\"https:\/\/www.magdajakab.com\/wp-content\/uploads\/2023\/03\/magdakjakab-photographer-bodylandscapes-17.jpg\" data-elementor-open-lightbox=\"yes\" data-elementor-lightbox-slideshow=\"735b000\" data-e-action-hash=\"#elementor-action%3Aaction%3Dlightbox%26settings%3DeyJpZCI6MTM5MiwidXJsIjoiaHR0cHM6XC9cL3d3dy5tYWdkYWpha2FiLmNvbVwvd3AtY29udGVudFwvdXBsb2Fkc1wvMjAyM1wvMDNcL21hZ2Rha2pha2FiLXBob3RvZ3JhcGhlci1ib2R5bGFuZHNjYXBlcy0xNy5qcGciLCJzbGlkZXNob3ciOiI3MzViMDAwIn0%3D\">\n\t\t\t\t\t<div class=\"e-gallery-image elementor-gallery-item__image\" data-thumbnail=\"https:\/\/www.magdajakab.com\/wp-content\/uploads\/2023\/03\/magdakjakab-photographer-bodylandscapes-17.jpg\" data-width=\"1200\" data-height=\"855\" aria-label=\"magdakjakab-photographer-bodylandscapes-17\" role=\"img\" ><\/div>\n\t\t\t\t\t\t\t\t\t\t\t<div class=\"elementor-gallery-item__overlay\"><\/div>\n\t\t\t\t\t\t\t\t\t\t\t\t\t\t<\/a>\n\t\t\t\t\t\t\t<a class=\"e-gallery-item elementor-gallery-item elementor-animated-content\" href=\"https:\/\/www.magdajakab.com\/wp-content\/uploads\/2023\/03\/magdakjakab-photographer-bodylandscapes-16.jpeg\" data-elementor-open-lightbox=\"yes\" data-elementor-lightbox-slideshow=\"735b000\" data-e-action-hash=\"#elementor-action%3Aaction%3Dlightbox%26settings%3DeyJpZCI6MTM5MSwidXJsIjoiaHR0cHM6XC9cL3d3dy5tYWdkYWpha2FiLmNvbVwvd3AtY29udGVudFwvdXBsb2Fkc1wvMjAyM1wvMDNcL21hZ2Rha2pha2FiLXBob3RvZ3JhcGhlci1ib2R5bGFuZHNjYXBlcy0xNi5qcGVnIiwic2xpZGVzaG93IjoiNzM1YjAwMCJ9\">\n\t\t\t\t\t<div class=\"e-gallery-image elementor-gallery-item__image\" data-thumbnail=\"https:\/\/www.magdajakab.com\/wp-content\/uploads\/2023\/03\/magdakjakab-photographer-bodylandscapes-16.jpeg\" data-width=\"1200\" data-height=\"855\" aria-label=\"magdakjakab-photographer-bodylandscapes-16\" role=\"img\" ><\/div>\n\t\t\t\t\t\t\t\t\t\t\t<div class=\"elementor-gallery-item__overlay\"><\/div>\n\t\t\t\t\t\t\t\t\t\t\t\t\t\t<\/a>\n\t\t\t\t\t\t\t<a class=\"e-gallery-item elementor-gallery-item elementor-animated-content\" href=\"https:\/\/www.magdajakab.com\/wp-content\/uploads\/2023\/03\/magdakjakab-photographer-bodylandscapes-15.jpg\" data-elementor-open-lightbox=\"yes\" data-elementor-lightbox-slideshow=\"735b000\" data-e-action-hash=\"#elementor-action%3Aaction%3Dlightbox%26settings%3DeyJpZCI6MTM5MCwidXJsIjoiaHR0cHM6XC9cL3d3dy5tYWdkYWpha2FiLmNvbVwvd3AtY29udGVudFwvdXBsb2Fkc1wvMjAyM1wvMDNcL21hZ2Rha2pha2FiLXBob3RvZ3JhcGhlci1ib2R5bGFuZHNjYXBlcy0xNS5qcGciLCJzbGlkZXNob3ciOiI3MzViMDAwIn0%3D\">\n\t\t\t\t\t<div class=\"e-gallery-image elementor-gallery-item__image\" data-thumbnail=\"https:\/\/www.magdajakab.com\/wp-content\/uploads\/2023\/03\/magdakjakab-photographer-bodylandscapes-15.jpg\" data-width=\"1200\" data-height=\"800\" aria-label=\"magdakjakab-photographer-bodylandscapes-15\" role=\"img\" ><\/div>\n\t\t\t\t\t\t\t\t\t\t\t<div class=\"elementor-gallery-item__overlay\"><\/div>\n\t\t\t\t\t\t\t\t\t\t\t\t\t\t<\/a>\n\t\t\t\t\t\t\t<a class=\"e-gallery-item elementor-gallery-item elementor-animated-content\" href=\"https:\/\/www.magdajakab.com\/wp-content\/uploads\/2023\/03\/magdakjakab-photographer-bodylandscapes-14.jpg\" data-elementor-open-lightbox=\"yes\" data-elementor-lightbox-slideshow=\"735b000\" data-elementor-lightbox-title=\"A bels\u0151 \u00f6szt\u00f6n\u00f6k \u00e9s az er\u0151 szimbolikus megjelen\u00e9se\" data-elementor-lightbox-description=\"Ez a k\u00e9p a bels\u0151 er\u0151t, az \u00f6szt\u00f6n\u00f6s min\u0151s\u00e9geket \u00e9s az \u00f6nazonos jelenl\u00e9tet jelen\u00edti meg. A Freedom f\u00e9nyk\u00e9pez\u00e9sben a szimbolika seg\u00edt kapcsol\u00f3dni az elfojtott vagy elfeledett r\u00e9szeinkhez.\" data-e-action-hash=\"#elementor-action%3Aaction%3Dlightbox%26settings%3DeyJpZCI6MTM4OSwidXJsIjoiaHR0cHM6XC9cL3d3dy5tYWdkYWpha2FiLmNvbVwvd3AtY29udGVudFwvdXBsb2Fkc1wvMjAyM1wvMDNcL21hZ2Rha2pha2FiLXBob3RvZ3JhcGhlci1ib2R5bGFuZHNjYXBlcy0xNC5qcGciLCJzbGlkZXNob3ciOiI3MzViMDAwIn0%3D\">\n\t\t\t\t\t<div class=\"e-gallery-image elementor-gallery-item__image\" data-thumbnail=\"https:\/\/www.magdajakab.com\/wp-content\/uploads\/2023\/03\/magdakjakab-photographer-bodylandscapes-14.jpg\" data-width=\"1200\" data-height=\"855\" aria-label=\"N\u0151 \u00e9s vad\u00e1llatok egy k\u00e9pen \u2013 bels\u0151 er\u0151 \u00e9s szabads\u00e1g megjelen\u00edt\u00e9se\" role=\"img\" ><\/div>\n\t\t\t\t\t\t\t\t\t\t\t<div class=\"elementor-gallery-item__overlay\"><\/div>\n\t\t\t\t\t\t\t\t\t\t\t\t\t\t<\/a>\n\t\t\t\t\t\t\t<a class=\"e-gallery-item elementor-gallery-item elementor-animated-content\" href=\"https:\/\/www.magdajakab.com\/wp-content\/uploads\/2023\/03\/magdakjakab-photographer-bodylandscapes-13.jpeg\" data-elementor-open-lightbox=\"yes\" data-elementor-lightbox-slideshow=\"735b000\" data-e-action-hash=\"#elementor-action%3Aaction%3Dlightbox%26settings%3DeyJpZCI6MTM4OCwidXJsIjoiaHR0cHM6XC9cL3d3dy5tYWdkYWpha2FiLmNvbVwvd3AtY29udGVudFwvdXBsb2Fkc1wvMjAyM1wvMDNcL21hZ2Rha2pha2FiLXBob3RvZ3JhcGhlci1ib2R5bGFuZHNjYXBlcy0xMy5qcGVnIiwic2xpZGVzaG93IjoiNzM1YjAwMCJ9\">\n\t\t\t\t\t<div class=\"e-gallery-image elementor-gallery-item__image\" data-thumbnail=\"https:\/\/www.magdajakab.com\/wp-content\/uploads\/2023\/03\/magdakjakab-photographer-bodylandscapes-13.jpeg\" data-width=\"1200\" data-height=\"855\" aria-label=\"magdakjakab-photographer-bodylandscapes-13\" role=\"img\" ><\/div>\n\t\t\t\t\t\t\t\t\t\t\t<div class=\"elementor-gallery-item__overlay\"><\/div>\n\t\t\t\t\t\t\t\t\t\t\t\t\t\t<\/a>\n\t\t\t\t\t\t\t<a class=\"e-gallery-item elementor-gallery-item elementor-animated-content\" href=\"https:\/\/www.magdajakab.com\/wp-content\/uploads\/2023\/03\/magdakjakab-photographer-bodylandscapes-12.jpg\" data-elementor-open-lightbox=\"yes\" data-elementor-lightbox-slideshow=\"735b000\" data-e-action-hash=\"#elementor-action%3Aaction%3Dlightbox%26settings%3DeyJpZCI6MTM4NywidXJsIjoiaHR0cHM6XC9cL3d3dy5tYWdkYWpha2FiLmNvbVwvd3AtY29udGVudFwvdXBsb2Fkc1wvMjAyM1wvMDNcL21hZ2Rha2pha2FiLXBob3RvZ3JhcGhlci1ib2R5bGFuZHNjYXBlcy0xMi5qcGciLCJzbGlkZXNob3ciOiI3MzViMDAwIn0%3D\">\n\t\t\t\t\t<div class=\"e-gallery-image elementor-gallery-item__image\" data-thumbnail=\"https:\/\/www.magdajakab.com\/wp-content\/uploads\/2023\/03\/magdakjakab-photographer-bodylandscapes-12.jpg\" data-width=\"1200\" data-height=\"855\" aria-label=\"magdakjakab-photographer-bodylandscapes-12\" role=\"img\" ><\/div>\n\t\t\t\t\t\t\t\t\t\t\t<div class=\"elementor-gallery-item__overlay\"><\/div>\n\t\t\t\t\t\t\t\t\t\t\t\t\t\t<\/a>\n\t\t\t\t\t\t\t<a class=\"e-gallery-item elementor-gallery-item elementor-animated-content\" href=\"https:\/\/www.magdajakab.com\/wp-content\/uploads\/2023\/03\/magdakjakab-photographer-bodylandscapes-11.jpeg\" data-elementor-open-lightbox=\"yes\" data-elementor-lightbox-slideshow=\"735b000\" data-e-action-hash=\"#elementor-action%3Aaction%3Dlightbox%26settings%3DeyJpZCI6MTM4NiwidXJsIjoiaHR0cHM6XC9cL3d3dy5tYWdkYWpha2FiLmNvbVwvd3AtY29udGVudFwvdXBsb2Fkc1wvMjAyM1wvMDNcL21hZ2Rha2pha2FiLXBob3RvZ3JhcGhlci1ib2R5bGFuZHNjYXBlcy0xMS5qcGVnIiwic2xpZGVzaG93IjoiNzM1YjAwMCJ9\">\n\t\t\t\t\t<div class=\"e-gallery-image elementor-gallery-item__image\" data-thumbnail=\"https:\/\/www.magdajakab.com\/wp-content\/uploads\/2023\/03\/magdakjakab-photographer-bodylandscapes-11.jpeg\" data-width=\"1200\" data-height=\"799\" aria-label=\"magdakjakab-photographer-bodylandscapes-11\" role=\"img\" ><\/div>\n\t\t\t\t\t\t\t\t\t\t\t<div class=\"elementor-gallery-item__overlay\"><\/div>\n\t\t\t\t\t\t\t\t\t\t\t\t\t\t<\/a>\n\t\t\t\t\t\t\t<a class=\"e-gallery-item elementor-gallery-item elementor-animated-content\" href=\"https:\/\/www.magdajakab.com\/wp-content\/uploads\/2023\/03\/magdakjakab-photographer-bodylandscapes-9.jpg\" data-elementor-open-lightbox=\"yes\" data-elementor-lightbox-slideshow=\"735b000\" data-e-action-hash=\"#elementor-action%3Aaction%3Dlightbox%26settings%3DeyJpZCI6MTM4NSwidXJsIjoiaHR0cHM6XC9cL3d3dy5tYWdkYWpha2FiLmNvbVwvd3AtY29udGVudFwvdXBsb2Fkc1wvMjAyM1wvMDNcL21hZ2Rha2pha2FiLXBob3RvZ3JhcGhlci1ib2R5bGFuZHNjYXBlcy05LmpwZyIsInNsaWRlc2hvdyI6IjczNWIwMDAifQ%3D%3D\">\n\t\t\t\t\t<div class=\"e-gallery-image elementor-gallery-item__image\" data-thumbnail=\"https:\/\/www.magdajakab.com\/wp-content\/uploads\/2023\/03\/magdakjakab-photographer-bodylandscapes-9.jpg\" data-width=\"1200\" data-height=\"855\" aria-label=\"magdakjakab-photographer-bodylandscapes-9\" role=\"img\" ><\/div>\n\t\t\t\t\t\t\t\t\t\t\t<div class=\"elementor-gallery-item__overlay\"><\/div>\n\t\t\t\t\t\t\t\t\t\t\t\t\t\t<\/a>\n\t\t\t\t\t\t\t<a class=\"e-gallery-item elementor-gallery-item elementor-animated-content\" href=\"https:\/\/www.magdajakab.com\/wp-content\/uploads\/2023\/03\/magdakjakab-photographer-bodylandscapes-8.jpg\" data-elementor-open-lightbox=\"yes\" data-elementor-lightbox-slideshow=\"735b000\" data-e-action-hash=\"#elementor-action%3Aaction%3Dlightbox%26settings%3DeyJpZCI6MTM4NCwidXJsIjoiaHR0cHM6XC9cL3d3dy5tYWdkYWpha2FiLmNvbVwvd3AtY29udGVudFwvdXBsb2Fkc1wvMjAyM1wvMDNcL21hZ2Rha2pha2FiLXBob3RvZ3JhcGhlci1ib2R5bGFuZHNjYXBlcy04LmpwZyIsInNsaWRlc2hvdyI6IjczNWIwMDAifQ%3D%3D\">\n\t\t\t\t\t<div class=\"e-gallery-image elementor-gallery-item__image\" data-thumbnail=\"https:\/\/www.magdajakab.com\/wp-content\/uploads\/2023\/03\/magdakjakab-photographer-bodylandscapes-8.jpg\" data-width=\"1200\" data-height=\"855\" aria-label=\"magdakjakab-photographer-bodylandscapes-8\" role=\"img\" ><\/div>\n\t\t\t\t\t\t\t\t\t\t\t<div class=\"elementor-gallery-item__overlay\"><\/div>\n\t\t\t\t\t\t\t\t\t\t\t\t\t\t<\/a>\n\t\t\t\t\t\t\t<a class=\"e-gallery-item elementor-gallery-item elementor-animated-content\" href=\"https:\/\/www.magdajakab.com\/wp-content\/uploads\/2023\/03\/magdakjakab-photographer-bodylandscapes-7.jpg\" data-elementor-open-lightbox=\"yes\" data-elementor-lightbox-slideshow=\"735b000\" data-e-action-hash=\"#elementor-action%3Aaction%3Dlightbox%26settings%3DeyJpZCI6MTM4MywidXJsIjoiaHR0cHM6XC9cL3d3dy5tYWdkYWpha2FiLmNvbVwvd3AtY29udGVudFwvdXBsb2Fkc1wvMjAyM1wvMDNcL21hZ2Rha2pha2FiLXBob3RvZ3JhcGhlci1ib2R5bGFuZHNjYXBlcy03LmpwZyIsInNsaWRlc2hvdyI6IjczNWIwMDAifQ%3D%3D\">\n\t\t\t\t\t<div class=\"e-gallery-image elementor-gallery-item__image\" data-thumbnail=\"https:\/\/www.magdajakab.com\/wp-content\/uploads\/2023\/03\/magdakjakab-photographer-bodylandscapes-7.jpg\" data-width=\"1200\" data-height=\"855\" aria-label=\"magdakjakab-photographer-bodylandscapes-7\" role=\"img\" ><\/div>\n\t\t\t\t\t\t\t\t\t\t\t<div class=\"elementor-gallery-item__overlay\"><\/div>\n\t\t\t\t\t\t\t\t\t\t\t\t\t\t<\/a>\n\t\t\t\t\t\t\t<a class=\"e-gallery-item elementor-gallery-item elementor-animated-content\" href=\"https:\/\/www.magdajakab.com\/wp-content\/uploads\/2023\/03\/magdakjakab-photographer-bodylandscapes-6.jpg\" data-elementor-open-lightbox=\"yes\" data-elementor-lightbox-slideshow=\"735b000\" data-e-action-hash=\"#elementor-action%3Aaction%3Dlightbox%26settings%3DeyJpZCI6MTM4MiwidXJsIjoiaHR0cHM6XC9cL3d3dy5tYWdkYWpha2FiLmNvbVwvd3AtY29udGVudFwvdXBsb2Fkc1wvMjAyM1wvMDNcL21hZ2Rha2pha2FiLXBob3RvZ3JhcGhlci1ib2R5bGFuZHNjYXBlcy02LmpwZyIsInNsaWRlc2hvdyI6IjczNWIwMDAifQ%3D%3D\">\n\t\t\t\t\t<div class=\"e-gallery-image elementor-gallery-item__image\" data-thumbnail=\"https:\/\/www.magdajakab.com\/wp-content\/uploads\/2023\/03\/magdakjakab-photographer-bodylandscapes-6.jpg\" data-width=\"1200\" data-height=\"855\" aria-label=\"magdakjakab-photographer-bodylandscapes-6\" role=\"img\" ><\/div>\n\t\t\t\t\t\t\t\t\t\t\t<div class=\"elementor-gallery-item__overlay\"><\/div>\n\t\t\t\t\t\t\t\t\t\t\t\t\t\t<\/a>\n\t\t\t\t\t\t\t<a class=\"e-gallery-item elementor-gallery-item elementor-animated-content\" href=\"https:\/\/www.magdajakab.com\/wp-content\/uploads\/2023\/03\/magdakjakab-photographer-bodylandscapes-5.jpg\" data-elementor-open-lightbox=\"yes\" data-elementor-lightbox-slideshow=\"735b000\" data-e-action-hash=\"#elementor-action%3Aaction%3Dlightbox%26settings%3DeyJpZCI6MTM4MSwidXJsIjoiaHR0cHM6XC9cL3d3dy5tYWdkYWpha2FiLmNvbVwvd3AtY29udGVudFwvdXBsb2Fkc1wvMjAyM1wvMDNcL21hZ2Rha2pha2FiLXBob3RvZ3JhcGhlci1ib2R5bGFuZHNjYXBlcy01LmpwZyIsInNsaWRlc2hvdyI6IjczNWIwMDAifQ%3D%3D\">\n\t\t\t\t\t<div class=\"e-gallery-image elementor-gallery-item__image\" data-thumbnail=\"https:\/\/www.magdajakab.com\/wp-content\/uploads\/2023\/03\/magdakjakab-photographer-bodylandscapes-5.jpg\" data-width=\"1200\" data-height=\"850\" aria-label=\"magdakjakab-photographer-bodylandscapes-5\" role=\"img\" ><\/div>\n\t\t\t\t\t\t\t\t\t\t\t<div class=\"elementor-gallery-item__overlay\"><\/div>\n\t\t\t\t\t\t\t\t\t\t\t\t\t\t<\/a>\n\t\t\t\t\t\t\t<a class=\"e-gallery-item elementor-gallery-item elementor-animated-content\" href=\"https:\/\/www.magdajakab.com\/wp-content\/uploads\/2023\/03\/magdakjakab-photographer-bodylandscapes-4.jpg\" data-elementor-open-lightbox=\"yes\" data-elementor-lightbox-slideshow=\"735b000\" data-e-action-hash=\"#elementor-action%3Aaction%3Dlightbox%26settings%3DeyJpZCI6MTM4MCwidXJsIjoiaHR0cHM6XC9cL3d3dy5tYWdkYWpha2FiLmNvbVwvd3AtY29udGVudFwvdXBsb2Fkc1wvMjAyM1wvMDNcL21hZ2Rha2pha2FiLXBob3RvZ3JhcGhlci1ib2R5bGFuZHNjYXBlcy00LmpwZyIsInNsaWRlc2hvdyI6IjczNWIwMDAifQ%3D%3D\">\n\t\t\t\t\t<div class=\"e-gallery-image elementor-gallery-item__image\" data-thumbnail=\"https:\/\/www.magdajakab.com\/wp-content\/uploads\/2023\/03\/magdakjakab-photographer-bodylandscapes-4.jpg\" data-width=\"1200\" data-height=\"854\" aria-label=\"magdakjakab-photographer-bodylandscapes-4\" role=\"img\" ><\/div>\n\t\t\t\t\t\t\t\t\t\t\t<div class=\"elementor-gallery-item__overlay\"><\/div>\n\t\t\t\t\t\t\t\t\t\t\t\t\t\t<\/a>\n\t\t\t\t\t\t\t<a class=\"e-gallery-item elementor-gallery-item elementor-animated-content\" href=\"https:\/\/www.magdajakab.com\/wp-content\/uploads\/2023\/03\/magdakjakab-photographer-bodylandscapes-3.jpg\" data-elementor-open-lightbox=\"yes\" data-elementor-lightbox-slideshow=\"735b000\" data-e-action-hash=\"#elementor-action%3Aaction%3Dlightbox%26settings%3DeyJpZCI6MTM3OSwidXJsIjoiaHR0cHM6XC9cL3d3dy5tYWdkYWpha2FiLmNvbVwvd3AtY29udGVudFwvdXBsb2Fkc1wvMjAyM1wvMDNcL21hZ2Rha2pha2FiLXBob3RvZ3JhcGhlci1ib2R5bGFuZHNjYXBlcy0zLmpwZyIsInNsaWRlc2hvdyI6IjczNWIwMDAifQ%3D%3D\">\n\t\t\t\t\t<div class=\"e-gallery-image elementor-gallery-item__image\" data-thumbnail=\"https:\/\/www.magdajakab.com\/wp-content\/uploads\/2023\/03\/magdakjakab-photographer-bodylandscapes-3.jpg\" data-width=\"1200\" data-height=\"855\" aria-label=\"magdakjakab-photographer-bodylandscapes-3\" role=\"img\" ><\/div>\n\t\t\t\t\t\t\t\t\t\t\t<div class=\"elementor-gallery-item__overlay\"><\/div>\n\t\t\t\t\t\t\t\t\t\t\t\t\t\t<\/a>\n\t\t\t\t\t\t\t<a class=\"e-gallery-item elementor-gallery-item elementor-animated-content\" href=\"https:\/\/www.magdajakab.com\/wp-content\/uploads\/2023\/03\/magdakjakab-photographer-bodylandscapes-2.jpg\" data-elementor-open-lightbox=\"yes\" data-elementor-lightbox-slideshow=\"735b000\" data-e-action-hash=\"#elementor-action%3Aaction%3Dlightbox%26settings%3DeyJpZCI6MTM3OCwidXJsIjoiaHR0cHM6XC9cL3d3dy5tYWdkYWpha2FiLmNvbVwvd3AtY29udGVudFwvdXBsb2Fkc1wvMjAyM1wvMDNcL21hZ2Rha2pha2FiLXBob3RvZ3JhcGhlci1ib2R5bGFuZHNjYXBlcy0yLmpwZyIsInNsaWRlc2hvdyI6IjczNWIwMDAifQ%3D%3D\">\n\t\t\t\t\t<div class=\"e-gallery-image elementor-gallery-item__image\" data-thumbnail=\"https:\/\/www.magdajakab.com\/wp-content\/uploads\/2023\/03\/magdakjakab-photographer-bodylandscapes-2.jpg\" data-width=\"1200\" data-height=\"855\" aria-label=\"magdakjakab-photographer-bodylandscapes-2\" role=\"img\" ><\/div>\n\t\t\t\t\t\t\t\t\t\t\t<div class=\"elementor-gallery-item__overlay\"><\/div>\n\t\t\t\t\t\t\t\t\t\t\t\t\t\t<\/a>\n\t\t\t\t\t\t\t<a class=\"e-gallery-item elementor-gallery-item elementor-animated-content\" href=\"https:\/\/www.magdajakab.com\/wp-content\/uploads\/2023\/03\/magdakjakab-photographer-bodylandscapes-1.jpeg\" data-elementor-open-lightbox=\"yes\" data-elementor-lightbox-slideshow=\"735b000\" data-e-action-hash=\"#elementor-action%3Aaction%3Dlightbox%26settings%3DeyJpZCI6MTM3NywidXJsIjoiaHR0cHM6XC9cL3d3dy5tYWdkYWpha2FiLmNvbVwvd3AtY29udGVudFwvdXBsb2Fkc1wvMjAyM1wvMDNcL21hZ2Rha2pha2FiLXBob3RvZ3JhcGhlci1ib2R5bGFuZHNjYXBlcy0xLmpwZWciLCJzbGlkZXNob3ciOiI3MzViMDAwIn0%3D\">\n\t\t\t\t\t<div class=\"e-gallery-image elementor-gallery-item__image\" data-thumbnail=\"https:\/\/www.magdajakab.com\/wp-content\/uploads\/2023\/03\/magdakjakab-photographer-bodylandscapes-1.jpeg\" data-width=\"1200\" data-height=\"855\" aria-label=\"magdakjakab-photographer-bodylandscapes-1\" role=\"img\" ><\/div>\n\t\t\t\t\t\t\t\t\t\t\t<div class=\"elementor-gallery-item__overlay\"><\/div>\n\t\t\t\t\t\t\t\t\t\t\t\t\t\t<\/a>\n\t\t\t\t\t<\/div>\n\t\t\t\t\t<\/div>\n\t\t\t\t<\/div>\n\t\t\t\t\t<\/div>\n\t\t<\/div>\n\t\t\t\t\t<\/div>\n\t\t<\/section>\n\t\t\t\t<\/div>","protected":false},"excerpt":{"rendered":"<p>Wonders<\/p>","protected":false},"author":1,"featured_media":0,"parent":0,"menu_order":0,"comment_status":"closed","ping_status":"closed","template":"","meta":{"footnotes":""},"class_list":["post-644","page","type-page","status-publish","hentry"],"yoast_head":"<!-- This site is optimized with the Yoast SEO plugin v27.4 - https:\/\/yoast.com\/product\/yoast-seo-wordpress\/ -->\n<title>Wonders - Magda Jakab photo therapist<\/title>\n<meta name=\"robots\" content=\"index, follow, max-snippet:-1, max-image-preview:large, max-video-preview:-1\" \/>\n<link rel=\"canonical\" href=\"https:\/\/www.magdajakab.com\/en\/wonders\/\" \/>\n<meta property=\"og:locale\" content=\"en_GB\" \/>\n<meta property=\"og:type\" content=\"article\" \/>\n<meta property=\"og:title\" content=\"Wonders - Magda Jakab photo therapist\" \/>\n<meta property=\"og:description\" content=\"Wonders\" \/>\n<meta property=\"og:url\" content=\"https:\/\/www.magdajakab.com\/en\/wonders\/\" \/>\n<meta property=\"og:site_name\" content=\"Magda Jakab photo therapist\" \/>\n<meta property=\"article:modified_time\" content=\"2023-04-22T16:44:20+00:00\" \/>\n<meta name=\"twitter:card\" content=\"summary_large_image\" \/>\n<meta name=\"twitter:label1\" content=\"Estimated reading time\" \/>\n\t<meta name=\"twitter:data1\" content=\"1 minute\" \/>\n<script type=\"application\/ld+json\" class=\"yoast-schema-graph\">{\"@context\":\"https:\\\/\\\/schema.org\",\"@graph\":[{\"@type\":\"WebPage\",\"@id\":\"https:\\\/\\\/www.magdajakab.com\\\/wonders\\\/\",\"url\":\"https:\\\/\\\/www.magdajakab.com\\\/wonders\\\/\",\"name\":\"Wonders - Magda Jakab photo therapist\",\"isPartOf\":{\"@id\":\"https:\\\/\\\/www.magdajakab.com\\\/#website\"},\"datePublished\":\"2023-02-21T21:24:28+00:00\",\"dateModified\":\"2023-04-22T16:44:20+00:00\",\"breadcrumb\":{\"@id\":\"https:\\\/\\\/www.magdajakab.com\\\/wonders\\\/#breadcrumb\"},\"inLanguage\":\"en-GB\",\"potentialAction\":[{\"@type\":\"ReadAction\",\"target\":[\"https:\\\/\\\/www.magdajakab.com\\\/wonders\\\/\"]}]},{\"@type\":\"BreadcrumbList\",\"@id\":\"https:\\\/\\\/www.magdajakab.com\\\/wonders\\\/#breadcrumb\",\"itemListElement\":[{\"@type\":\"ListItem\",\"position\":1,\"name\":\"Home\",\"item\":\"https:\\\/\\\/www.magdajakab.com\\\/\"},{\"@type\":\"ListItem\",\"position\":2,\"name\":\"Wonders\"}]},{\"@type\":\"WebSite\",\"@id\":\"https:\\\/\\\/www.magdajakab.com\\\/#website\",\"url\":\"https:\\\/\\\/www.magdajakab.com\\\/\",\"name\":\"Magda Jakab photo therapist\",\"description\":\"\",\"publisher\":{\"@id\":\"https:\\\/\\\/www.magdajakab.com\\\/#organization\"},\"potentialAction\":[{\"@type\":\"SearchAction\",\"target\":{\"@type\":\"EntryPoint\",\"urlTemplate\":\"https:\\\/\\\/www.magdajakab.com\\\/?s={search_term_string}\"},\"query-input\":{\"@type\":\"PropertyValueSpecification\",\"valueRequired\":true,\"valueName\":\"search_term_string\"}}],\"inLanguage\":\"en-GB\"},{\"@type\":\"Organization\",\"@id\":\"https:\\\/\\\/www.magdajakab.com\\\/#organization\",\"name\":\"Magda Jakab photo therapist\",\"url\":\"https:\\\/\\\/www.magdajakab.com\\\/\",\"logo\":{\"@type\":\"ImageObject\",\"inLanguage\":\"en-GB\",\"@id\":\"https:\\\/\\\/www.magdajakab.com\\\/#\\\/schema\\\/logo\\\/image\\\/\",\"url\":\"https:\\\/\\\/www.magdajakab.com\\\/wp-content\\\/uploads\\\/2023\\\/04\\\/ArtFo-logo.png\",\"contentUrl\":\"https:\\\/\\\/www.magdajakab.com\\\/wp-content\\\/uploads\\\/2023\\\/04\\\/ArtFo-logo.png\",\"width\":471,\"height\":320,\"caption\":\"Magda Jakab photo therapist\"},\"image\":{\"@id\":\"https:\\\/\\\/www.magdajakab.com\\\/#\\\/schema\\\/logo\\\/image\\\/\"}}]}<\/script>\n<!-- \/ Yoast SEO plugin. -->","yoast_head_json":{"title":"Wonders - Magda Jakab photo therapist","robots":{"index":"index","follow":"follow","max-snippet":"max-snippet:-1","max-image-preview":"max-image-preview:large","max-video-preview":"max-video-preview:-1"},"canonical":"https:\/\/www.magdajakab.com\/en\/wonders\/","og_locale":"en_GB","og_type":"article","og_title":"Wonders - Magda Jakab photo therapist","og_description":"Wonders","og_url":"https:\/\/www.magdajakab.com\/en\/wonders\/","og_site_name":"Magda Jakab photo therapist","article_modified_time":"2023-04-22T16:44:20+00:00","twitter_card":"summary_large_image","twitter_misc":{"Estimated reading time":"1 minute"},"schema":{"@context":"https:\/\/schema.org","@graph":[{"@type":"WebPage","@id":"https:\/\/www.magdajakab.com\/wonders\/","url":"https:\/\/www.magdajakab.com\/wonders\/","name":"Wonders - Magda Jakab photo therapist","isPartOf":{"@id":"https:\/\/www.magdajakab.com\/#website"},"datePublished":"2023-02-21T21:24:28+00:00","dateModified":"2023-04-22T16:44:20+00:00","breadcrumb":{"@id":"https:\/\/www.magdajakab.com\/wonders\/#breadcrumb"},"inLanguage":"en-GB","potentialAction":[{"@type":"ReadAction","target":["https:\/\/www.magdajakab.com\/wonders\/"]}]},{"@type":"BreadcrumbList","@id":"https:\/\/www.magdajakab.com\/wonders\/#breadcrumb","itemListElement":[{"@type":"ListItem","position":1,"name":"Home","item":"https:\/\/www.magdajakab.com\/"},{"@type":"ListItem","position":2,"name":"Wonders"}]},{"@type":"WebSite","@id":"https:\/\/www.magdajakab.com\/#website","url":"https:\/\/www.magdajakab.com\/","name":"Magda Jakab photo therapist","description":"","publisher":{"@id":"https:\/\/www.magdajakab.com\/#organization"},"potentialAction":[{"@type":"SearchAction","target":{"@type":"EntryPoint","urlTemplate":"https:\/\/www.magdajakab.com\/?s={search_term_string}"},"query-input":{"@type":"PropertyValueSpecification","valueRequired":true,"valueName":"search_term_string"}}],"inLanguage":"en-GB"},{"@type":"Organization","@id":"https:\/\/www.magdajakab.com\/#organization","name":"Magda Jakab photo therapist","url":"https:\/\/www.magdajakab.com\/","logo":{"@type":"ImageObject","inLanguage":"en-GB","@id":"https:\/\/www.magdajakab.com\/#\/schema\/logo\/image\/","url":"https:\/\/www.magdajakab.com\/wp-content\/uploads\/2023\/04\/ArtFo-logo.png","contentUrl":"https:\/\/www.magdajakab.com\/wp-content\/uploads\/2023\/04\/ArtFo-logo.png","width":471,"height":320,"caption":"Magda Jakab photo therapist"},"image":{"@id":"https:\/\/www.magdajakab.com\/#\/schema\/logo\/image\/"}}]}},"_links":{"self":[{"href":"https:\/\/www.magdajakab.com\/en\/wp-json\/wp\/v2\/pages\/644","targetHints":{"allow":["GET"]}}],"collection":[{"href":"https:\/\/www.magdajakab.com\/en\/wp-json\/wp\/v2\/pages"}],"about":[{"href":"https:\/\/www.magdajakab.com\/en\/wp-json\/wp\/v2\/types\/page"}],"author":[{"embeddable":true,"href":"https:\/\/www.magdajakab.com\/en\/wp-json\/wp\/v2\/users\/1"}],"replies":[{"embeddable":true,"href":"https:\/\/www.magdajakab.com\/en\/wp-json\/wp\/v2\/comments?post=644"}],"version-history":[{"count":30,"href":"https:\/\/www.magdajakab.com\/en\/wp-json\/wp\/v2\/pages\/644\/revisions"}],"predecessor-version":[{"id":2342,"href":"https:\/\/www.magdajakab.com\/en\/wp-json\/wp\/v2\/pages\/644\/revisions\/2342"}],"wp:attachment":[{"href":"https:\/\/www.magdajakab.com\/en\/wp-json\/wp\/v2\/media?parent=644"}],"curies":[{"name":"wp","href":"https:\/\/api.w.org\/{rel}","templated":true}]}}